{"id":17,"date":"2018-01-01T18:37:40","date_gmt":"2018-01-01T17:37:40","guid":{"rendered":"http:\/\/brasseriederaspailhac.eu\/?page_id=17"},"modified":"2023-08-10T07:19:39","modified_gmt":"2023-08-10T05:19:39","slug":"a-propos-de","status":"publish","type":"page","link":"https:\/\/brasseriederaspailhac.eu\/index.php\/a-propos-de\/","title":{"rendered":"\u00c0 propos de la brasserie"},"content":{"rendered":"\n<div class=\"wp-block-group\"><div class=\"wp-block-group__inner-container\">\n<p>Issues des Hauts-de-France (Lille), les racines de la Brasserie de Raspailhac s\u2019\u00e9tendent du Grand-Est (Strasbourg) \u00e0 l\u2019Occitanie (Saint Vincent d\u2019Olargues dans l&rsquo;H\u00e9rault). Ces origines plurielles expliquent les recettes \u00e9labor\u00e9es par le brasseur depuis 2013 : des bi\u00e8res aux parfums subtils que distillent les houblons d&rsquo;Alsace &amp; aux corps malt\u00e9s r\u00e9v\u00e9l\u00e9s par des fermentations longues.<br>Depuis 2016, la brasserie s\u2019est install\u00e9e dans le Haut-Languedoc, dans une fermette en pierre b\u00e2tie \u00e0 la fin du XIX\u00e8me si\u00e8cle. Implant\u00e9e au c\u0153ur des ch\u00e2taigneraies, elle se veut respectueuse de son environnement et son activit\u00e9 s\u2019int\u00e8gre dans une d\u00e9marche de d\u00e9veloppement durable.<\/p>\n\n\n\n<p>Pour son installation et son d\u00e9veloppement, la Brasserie de Raspailhac b\u00e9n\u00e9ficie de l&rsquo;aide de la R\u00e9gion Occitanie. Elle soutient la transition \u00e9nerg\u00e9tique \u00e0 travers le projet H\u00e9liotop et est labellis\u00e9e \u00ab\u00a0Nature &amp; Progr\u00e8s\u00a0\u00bb depuis juillet 2020.<\/p>\n<\/div><\/div>\n\n\n\n<div class=\"wp-block-image\"><figure class=\"alignleft size-large is-resized\"><a href=\"https:\/\/www.laregion.fr\/\" target=\"_blank\" rel=\"noopener noreferrer\"><img loading=\"lazy\" src=\"http:\/\/brasseriederaspailhac.eu\/wp-content\/uploads\/2018\/12\/OC-1706-instit-logo-carre-quadri-150x150-72dpi-e1596997689781.jpg\" alt=\"\" class=\"wp-image-294\" width=\"127\" height=\"127\"\/><\/a><\/figure><\/div>\n\n\n\n<div class=\"wp-block-image\"><figure class=\"alignleft size-large is-resized\"><a href=\"http:\/\/www.heliotop.centralesvillageoises.fr\/\" target=\"_blank\" rel=\"noopener noreferrer\"><img loading=\"lazy\" src=\"http:\/\/brasseriederaspailhac.eu\/wp-content\/uploads\/2020\/08\/logo-He\u0301liotop-1024x978.jpg\" alt=\"\" class=\"wp-image-611\" width=\"139\" height=\"132\"\/><\/a><\/figure><\/div>\n\n\n\n<div class=\"wp-block-group\"><div class=\"wp-block-group__inner-container\">\n<div class=\"wp-block-image\"><figure class=\"alignleft size-large\"><a href=\"https:\/\/www.natureetprogres.org\/\" target=\"_blank\" rel=\"noopener noreferrer\"><img loading=\"lazy\" width=\"112\" height=\"170\" src=\"http:\/\/brasseriederaspailhac.eu\/wp-content\/uploads\/2020\/08\/Logo_nature_progres.jpg\" alt=\"\" class=\"wp-image-630\"\/><\/a><\/figure><\/div>\n\n\n\n<figure class=\"wp-block-image size-large is-resized\"><a href=\"http:\/\/brasseriederaspailhac.eu\/wp-content\/uploads\/2023\/05\/CDC-NATURE-PROGRES-BRASSERIE-2013-Mise-a-jour-2016.pdf\" target=\"_blank\" rel=\"noopener noreferrer\"><img loading=\"lazy\" src=\"http:\/\/brasseriederaspailhac.eu\/wp-content\/uploads\/2022\/05\/cahier-des-charges-NP-brasserie.jpg\" alt=\"\" class=\"wp-image-809\" width=\"128\" height=\"179\" srcset=\"https:\/\/brasseriederaspailhac.eu\/wp-content\/uploads\/2022\/05\/cahier-des-charges-NP-brasserie.jpg 461w, https:\/\/brasseriederaspailhac.eu\/wp-content\/uploads\/2022\/05\/cahier-des-charges-NP-brasserie-214x300.jpg 214w\" sizes=\"(max-width: 128px) 100vw, 128px\" \/><\/a><\/figure>\n<\/div><\/div>\n\n\n\n<p><\/p>\n","protected":false},"excerpt":{"rendered":"","protected":false},"author":1,"featured_media":0,"parent":0,"menu_order":3,"comment_status":"closed","ping_status":"closed","template":"","meta":[],"_links":{"self":[{"href":"https:\/\/brasseriederaspailhac.eu\/index.php\/wp-json\/wp\/v2\/pages\/17"}],"collection":[{"href":"https:\/\/brasseriederaspailhac.eu\/index.php\/wp-json\/wp\/v2\/pages"}],"about":[{"href":"https:\/\/brasseriederaspailhac.eu\/index.php\/wp-json\/wp\/v2\/types\/page"}],"author":[{"embeddable":true,"href":"https:\/\/brasseriederaspailhac.eu\/index.php\/wp-json\/wp\/v2\/users\/1"}],"replies":[{"embeddable":true,"href":"https:\/\/brasseriederaspailhac.eu\/index.php\/wp-json\/wp\/v2\/comments?post=17"}],"version-history":[{"count":41,"href":"https:\/\/brasseriederaspailhac.eu\/index.php\/wp-json\/wp\/v2\/pages\/17\/revisions"}],"predecessor-version":[{"id":998,"href":"https:\/\/brasseriederaspailhac.eu\/index.php\/wp-json\/wp\/v2\/pages\/17\/revisions\/998"}],"wp:attachment":[{"href":"https:\/\/brasseriederaspailhac.eu\/index.php\/wp-json\/wp\/v2\/media?parent=17"}],"curies":[{"name":"wp","href":"https:\/\/api.w.org\/{rel}","templated":true}]}}