{"id":18,"date":"2018-01-01T18:37:41","date_gmt":"2018-01-01T17:37:41","guid":{"rendered":"http:\/\/brasseriederaspailhac.eu\/?page_id=18"},"modified":"2023-05-28T12:13:38","modified_gmt":"2023-05-28T10:13:38","slug":"contact","status":"publish","type":"page","link":"https:\/\/brasseriederaspailhac.eu\/index.php\/contact\/","title":{"rendered":"Acc\u00e8s"},"content":{"rendered":"<p>Par la D908, \u00e0 la sortie ouest d&rsquo;Olargues (34390) prendre la direction D14 vers La Salvetat\/Route des Lacs\/ Saint Vincent d&rsquo;Olargues\/Mauroul. Apr\u00e8s 4 minutes de lacets, prendre la 2\u00e8me \u00e0 gauche vers Raspaillac. Parking en corbeille devant la brasserie.<\/p>\n\n\n<figure class=\"wp-block-image size-large\"><img loading=\"lazy\" width=\"1024\" height=\"511\" src=\"http:\/\/brasseriederaspailhac.eu\/wp-content\/uploads\/2018\/01\/plan_site-1024x511.jpg\" alt=\"\" class=\"wp-image-176\" srcset=\"https:\/\/brasseriederaspailhac.eu\/wp-content\/uploads\/2018\/01\/plan_site-1024x511.jpg 1024w, https:\/\/brasseriederaspailhac.eu\/wp-content\/uploads\/2018\/01\/plan_site-300x150.jpg 300w, https:\/\/brasseriederaspailhac.eu\/wp-content\/uploads\/2018\/01\/plan_site-768x383.jpg 768w, https:\/\/brasseriederaspailhac.eu\/wp-content\/uploads\/2018\/01\/plan_site-900x450.jpg 900w, https:\/\/brasseriederaspailhac.eu\/wp-content\/uploads\/2018\/01\/plan_site-601x300.jpg 601w, https:\/\/brasseriederaspailhac.eu\/wp-content\/uploads\/2018\/01\/plan_site.jpg 1120w\" sizes=\"(max-width: 1024px) 100vw, 1024px\" \/><\/figure>\n","protected":false},"excerpt":{"rendered":"<p>Par la D908, \u00e0 la sortie ouest d&rsquo;Olargues (34390) prendre la direction D14 vers La Salvetat\/Route des Lacs\/ Saint Vincent d&rsquo;Olargues\/Mauroul. Apr\u00e8s 4 minutes de lacets, prendre la 2\u00e8me \u00e0 gauche vers Raspaillac. Parking en corbeille devant la brasserie.<\/p>\n","protected":false},"author":1,"featured_media":176,"parent":0,"menu_order":5,"comment_status":"closed","ping_status":"closed","template":"","meta":[],"_links":{"self":[{"href":"https:\/\/brasseriederaspailhac.eu\/index.php\/wp-json\/wp\/v2\/pages\/18"}],"collection":[{"href":"https:\/\/brasseriederaspailhac.eu\/index.php\/wp-json\/wp\/v2\/pages"}],"about":[{"href":"https:\/\/brasseriederaspailhac.eu\/index.php\/wp-json\/wp\/v2\/types\/page"}],"author":[{"embeddable":true,"href":"https:\/\/brasseriederaspailhac.eu\/index.php\/wp-json\/wp\/v2\/users\/1"}],"replies":[{"embeddable":true,"href":"https:\/\/brasseriederaspailhac.eu\/index.php\/wp-json\/wp\/v2\/comments?post=18"}],"version-history":[{"count":14,"href":"https:\/\/brasseriederaspailhac.eu\/index.php\/wp-json\/wp\/v2\/pages\/18\/revisions"}],"predecessor-version":[{"id":983,"href":"https:\/\/brasseriederaspailhac.eu\/index.php\/wp-json\/wp\/v2\/pages\/18\/revisions\/983"}],"wp:featuredmedia":[{"embeddable":true,"href":"https:\/\/brasseriederaspailhac.eu\/index.php\/wp-json\/wp\/v2\/media\/176"}],"wp:attachment":[{"href":"https:\/\/brasseriederaspailhac.eu\/index.php\/wp-json\/wp\/v2\/media?parent=18"}],"curies":[{"name":"wp","href":"https:\/\/api.w.org\/{rel}","templated":true}]}}